{"id":571,"date":"2022-03-17T10:27:04","date_gmt":"2022-03-17T10:27:04","guid":{"rendered":"https:\/\/demo.creativethemes.com\/stagingsix\/?page_id=571"},"modified":"2023-01-12T01:07:00","modified_gmt":"2023-01-12T01:07:00","slug":"contactanos","status":"publish","type":"page","link":"https:\/\/algoritmos.co\/es\/en\/contactanos\/","title":{"rendered":"Contact us"},"content":{"rendered":"\n<div class=\"wp-block-stackable-spacer stk-block-spacer stk--no-padding stk-block stk-c902222\" data-block-id=\"c902222\"><style>.stk-c902222{height:36px !important}@media screen and (max-width:999px){.stk-c902222{height:70px !important}}<\/style><\/div>\n\n\n\n<div class=\"wp-block-stackable-heading stk-block-heading stk-block stk-02dc96b\" id=\"tienes-un-proyecto-en-mente\" data-block-id=\"02dc96b\"><style>.stk-02dc96b{margin-bottom:8px !important}.stk-02dc96b .stk-block-heading__text{margin:0 !important}@media screen and (max-width:999px){.stk-02dc96b .stk-block-heading__text{font-size:30px !important}}@media screen and (max-width:689px){.stk-02dc96b .stk-block-heading__text{font-size:25px !important}}<\/style><h2 class=\"stk-block-heading__text has-text-align-center\">\u00bfTienes un proyecto en mente?<\/h2><\/div>\n\n\n\n<div class=\"wp-block-stackable-text stk-block-text stk-block stk-d6d22e0\" data-block-id=\"d6d22e0\"><style>.stk-d6d22e0{max-width:700px !important;min-width:auto !important;margin-right:auto !important;margin-bottom:60px !important;margin-left:auto !important}@media screen and (max-width:689px){.stk-d6d22e0{margin-bottom:24px !important}}<\/style><p class=\"stk-block-text__text has-text-align-center\">Si est\u00e1s buscando una empresa de confianza y experto en el desarrollo de software, <br>no dudes en ponerte en contacto con nosotros. Estaremos encantados de atenderte <br>y proporcionarte m\u00e1s informaci\u00f3n sobre c\u00f3mo podemos ayudarte a llevar a cabo tu proyecto <br>de manera eficiente y profesional.<\/p><\/div>\n\n\n\n<div class=\"wp-block-stackable-columns stk-block-columns stk-block stk-971085f\" data-block-id=\"971085f\"><style>.stk-971085f{padding-top:0px !important;padding-right:0px !important;padding-bottom:0px !important;padding-left:0px !important;margin-bottom:0px !important}.stk-971085f-column{--stk-column-gap:35px !important;row-gap:35px !important}<\/style><div class=\"stk-row stk-inner-blocks stk-block-content stk-content-align stk-971085f-column\">\n<div class=\"wp-block-stackable-column stk-block-column stk-block-column--v2 stk-column stk-block stk-395ca3e\" data-block-id=\"395ca3e\"><style>@media screen and (min-width:690px){.stk-395ca3e{flex:1 1 calc(50% - var(--stk-column-gap,0px) * 1 \/ 2 ) !important}}.stk-395ca3e-container{margin-top:0px !important;margin-right:0px !important;margin-bottom:0px !important;margin-left:0px !important}<\/style><div class=\"stk-column-wrapper stk-block-column__content stk-container stk-395ca3e-container stk--no-background stk--no-padding\"><div class=\"stk-block-content stk-inner-blocks stk-395ca3e-inner-blocks\">\n<figure class=\"wp-block-image size-full\"><img fetchpriority=\"high\" decoding=\"async\" width=\"1024\" height=\"1024\" src=\"https:\/\/algoritmos.co\/es\/wp-content\/uploads\/2023\/01\/robt4.png.webp\" alt=\"\" class=\"wp-image-857\" srcset=\"https:\/\/algoritmos.co\/es\/wp-content\/uploads\/2023\/01\/robt4.png.webp 1024w, https:\/\/algoritmos.co\/es\/wp-content\/uploads\/2023\/01\/robt4.png-300x300.webp 300w, https:\/\/algoritmos.co\/es\/wp-content\/uploads\/2023\/01\/robt4.png-150x150.webp 150w, https:\/\/algoritmos.co\/es\/wp-content\/uploads\/2023\/01\/robt4.png-768x768.webp 768w\" sizes=\"(max-width: 1024px) 100vw, 1024px\" \/><\/figure>\n<\/div><\/div><\/div>\n\n\n\n<div class=\"wp-block-stackable-column stk-block-column stk-block-column--v2 stk-column stk-block stk-f3a4e91\" data-block-id=\"f3a4e91\"><style>.stk-f3a4e91{padding-left:30px !important}@media screen and (max-width:689px){.stk-f3a4e91{padding-left:0px !important}}@media screen and (min-width:690px){.stk-f3a4e91{flex:1 1 calc(50% - var(--stk-column-gap,0px) * 1 \/ 2 ) !important}}.stk-f3a4e91-container{margin-top:0px !important;margin-right:0px !important;margin-bottom:0px !important;margin-left:0px !important}<\/style><div class=\"stk-column-wrapper stk-block-column__content stk-container stk-f3a4e91-container stk--no-background stk--no-padding\"><div class=\"stk-block-content stk-inner-blocks stk-f3a4e91-inner-blocks\"><div class=\"wpforms-container wpforms-block\" id=\"wpforms-298\"><form id=\"wpforms-form-298\" class=\"wpforms-validate wpforms-form\" data-formid=\"298\" method=\"post\" enctype=\"multipart\/form-data\" action=\"\/es\/en\/wp-json\/wp\/v2\/pages\/571\" data-token=\"e0f0f3fa15171e544900b445e266a098\" data-token-time=\"1775426640\"><noscript class=\"wpforms-error-noscript\">Please enable JavaScript in your browser to complete this form.<\/noscript><div class=\"wpforms-field-container\"><div id=\"wpforms-298-field_0-container\" class=\"wpforms-field wpforms-field-name\" data-field-id=\"0\"><label class=\"wpforms-field-label\" for=\"wpforms-298-field_0\">Nombre <span class=\"wpforms-required-label\">*<\/span><\/label><input type=\"text\" id=\"wpforms-298-field_0\" class=\"wpforms-field-large wpforms-field-required\" name=\"wpforms[fields][0]\" required><\/div><div id=\"wpforms-298-field_1-container\" class=\"wpforms-field wpforms-field-email\" data-field-id=\"1\"><label class=\"wpforms-field-label\" for=\"wpforms-298-field_1\">Email <span class=\"wpforms-required-label\">*<\/span><\/label><input type=\"email\" id=\"wpforms-298-field_1\" class=\"wpforms-field-large wpforms-field-required\" name=\"wpforms[fields][1]\" spellcheck=\"false\" required><\/div><div id=\"wpforms-298-field_3-container\" class=\"wpforms-field wpforms-field-text\" data-field-id=\"3\"><label class=\"wpforms-field-label\" for=\"wpforms-298-field_3\">Tel\u00e9fono <span class=\"wpforms-required-label\">*<\/span><\/label><input type=\"text\" id=\"wpforms-298-field_3\" class=\"wpforms-field-large wpforms-field-required\" name=\"wpforms[fields][3]\" required><\/div><div id=\"wpforms-298-field_2-container\" class=\"wpforms-field wpforms-field-textarea wpf-char-min\" data-field-id=\"2\"><label class=\"wpforms-field-label\" for=\"wpforms-298-field_2\">Mensaje <span class=\"wpforms-required-label\">*<\/span><\/label><textarea id=\"wpforms-298-field_2\" class=\"wpforms-field-small wpforms-field-required\" name=\"wpforms[fields][2]\" required><\/textarea><\/div><\/div><!-- .wpforms-field-container --><div class=\"wpforms-recaptcha-container wpforms-is-recaptcha wpforms-is-recaptcha-type-v3\" ><input type=\"hidden\" name=\"wpforms[recaptcha]\" value=\"\"><\/div><div class=\"wpforms-submit-container\" ><input type=\"hidden\" name=\"wpforms[id]\" value=\"298\"><input type=\"hidden\" name=\"page_title\" value=\"\"><input type=\"hidden\" name=\"page_url\" value=\"https:\/\/algoritmos.co\/es\/en\/wp-json\/wp\/v2\/pages\/571\"><input type=\"hidden\" name=\"url_referer\" value=\"\"><button type=\"submit\" name=\"wpforms[submit]\" id=\"wpforms-submit-298\" class=\"wpforms-submit\" data-alt-text=\"Sending...\" data-submit-text=\"Enviar mensaje\" aria-live=\"assertive\" value=\"wpforms-submit\">Enviar mensaje<\/button><\/div><\/form><\/div>  <!-- .wpforms-container --><\/div><\/div><\/div>\n<\/div><\/div>\n\n\n\n<div class=\"wp-block-stackable-spacer stk-block-spacer stk--no-padding stk-block stk-97895ea\" data-block-id=\"97895ea\"><style>.stk-97895ea{height:122px !important}@media screen and (max-width:999px){.stk-97895ea{height:70px !important}}<\/style><\/div>\n\n\n\n<div class=\"wp-block-stackable-columns alignfull stk-block-columns stk-block stk-1dbdcfb stk-block-background stk--has-background-overlay\" data-block-id=\"1dbdcfb\"><style>.stk-1dbdcfb{background-color:transparent !important;background-image:url(https:\/\/algoritmos.co\/es\/wp-content\/uploads\/2021\/07\/decorative-shape.svg) !important;background-position:center right !important;background-repeat:no-repeat !important;background-size:850px !important}.stk-1dbdcfb:before{background-color:transparent !important;opacity:0.5 !important}@media screen and (max-width:999px){.stk-1dbdcfb{background-size:600px !important}}@media screen and (max-width:689px){.stk-1dbdcfb{background-size:400px !important}}.stk-1dbdcfb{padding-top:0px !important;padding-right:0px !important;padding-bottom:0px !important;padding-left:0px !important;margin-bottom:0px !important}.stk-1dbdcfb{overflow:visible !important}.stk-1dbdcfb .stk-container{overflow:visible !important}<\/style><div class=\"stk-row stk-inner-blocks stk-block-content stk-content-align stk-1dbdcfb-column\">\n<div class=\"wp-block-stackable-column stk-block-column stk-block-column--v2 stk-column stk-block stk-07d2bd2\" data-block-id=\"07d2bd2\"><style>.stk-07d2bd2-container{margin-top:0px !important;margin-right:0px !important;margin-bottom:0px !important;margin-left:0px !important}<\/style><div class=\"stk-column-wrapper stk-block-column__content stk-container stk-07d2bd2-container stk--no-background stk--no-padding\"><div class=\"stk-block-content stk-inner-blocks stk-07d2bd2-inner-blocks\"><\/div><\/div><\/div>\n<\/div><\/div>\n","protected":false},"excerpt":{"rendered":"<p>\u00bfTienes un proyecto en mente? Si est\u00e1s buscando una empresa de confianza y experto en el desarrollo de software, no dudes en ponerte en contacto con nosotros. Estaremos encantados de atenderte y proporcionarte m\u00e1s informaci\u00f3n sobre c\u00f3mo podemos ayudarte a llevar a cabo tu proyecto de manera eficiente y profesional.<\/p>","protected":false},"author":1,"featured_media":0,"parent":0,"menu_order":0,"comment_status":"closed","ping_status":"closed","template":"","meta":{"_eb_attr":"","footnotes":""},"class_list":["post-571","page","type-page","status-publish","hentry"],"blocksy_meta":{"styles_descriptor":{"styles":{"desktop":"","tablet":"","mobile":""},"google_fonts":[],"version":6},"page_title_panel":"","has_hero_section":"disabled","839a7d51b0bfd88a1903c1a9924cd5bf":"","hero_section":"type-1","hero_elements":[{"id":"custom_title","enabled":true,"heading_tag":"h1","title":"Home"},{"id":"custom_description","enabled":true,"description_visibility":{"desktop":true,"tablet":true,"mobile":false}},{"id":"custom_meta","enabled":false,"meta_elements":[{"id":"author","enabled":true,"label":"By","has_author_avatar":"yes","avatar_size":25},{"id":"post_date","enabled":true,"label":"On","date_format_source":"default","date_format":"M j, Y"},{"id":"updated_date","enabled":false,"label":"On","date_format_source":"default","date_format":"M j, Y"},{"id":"categories","enabled":false,"label":"In","style":"simple"},{"id":"comments","enabled":true}],"page_meta_elements":{"joined":true,"articles_count":true,"comments":true}},{"id":"breadcrumbs","enabled":false}],"9ce6b35c2b690dfb222669425cda6cf3":"","hero_alignment1":"CT_CSS_SKIP_RULE","hero_margin":40,"hero_alignment2":"center","hero_vertical_alignment":"center","2444c5d730e231f971268a93b5085f39":"","hero_structure":"narrow","e40a36985f7c43dae473ef23c34538c6":"","page_title_bg_type":"featured_image","custom_hero_background":{"attachment_id":null},"parallax":{"desktop":false,"tablet":false,"mobile":false},"0ff2609f549f607358743587ec10b4b6":"","hero_height":"250px","pageTitleFont":{"family":"Default","variation":"Default","size":"30px","line-height":"CT_CSS_SKIP_RULE","letter-spacing":"CT_CSS_SKIP_RULE","text-transform":"CT_CSS_SKIP_RULE","text-decoration":"CT_CSS_SKIP_RULE"},"pageTitleFontColor":{"default":{"color":"CT_CSS_SKIP_RULEDEFAULT"}},"pageMetaFont":{"family":"Default","variation":"n6","size":"12px","line-height":"1.3","letter-spacing":"CT_CSS_SKIP_RULE","text-transform":"uppercase","text-decoration":"CT_CSS_SKIP_RULE"},"pageMetaFontColor":{"default":{"color":"CT_CSS_SKIP_RULEDEFAULT"},"hover":{"color":"CT_CSS_SKIP_RULEDEFAULT"}},"page_meta_button_type_font_colors":{"default":{"color":"CT_CSS_SKIP_RULEDEFAULT"},"hover":{"color":"CT_CSS_SKIP_RULEDEFAULT"}},"page_meta_button_type_background_colors":{"default":{"color":"CT_CSS_SKIP_RULEDEFAULT"},"hover":{"color":"CT_CSS_SKIP_RULEDEFAULT"}},"pageExcerptFont":{"family":"Default","variation":"Default","size":"CT_CSS_SKIP_RULE","line-height":"CT_CSS_SKIP_RULE","letter-spacing":"CT_CSS_SKIP_RULE","text-transform":"CT_CSS_SKIP_RULE","text-decoration":"CT_CSS_SKIP_RULE"},"pageExcerptColor":{"default":{"color":"CT_CSS_SKIP_RULEDEFAULT"}},"breadcrumbsFont":{"family":"Default","variation":"Default","size":"CT_CSS_SKIP_RULE","line-height":"CT_CSS_SKIP_RULE","letter-spacing":"CT_CSS_SKIP_RULE","text-transform":"CT_CSS_SKIP_RULE","text-decoration":"CT_CSS_SKIP_RULE"},"breadcrumbsFontColor":{"default":{"color":"CT_CSS_SKIP_RULEDEFAULT"},"initial":{"color":"CT_CSS_SKIP_RULEDEFAULT"},"hover":{"color":"CT_CSS_SKIP_RULEDEFAULT"}},"pageTitleOverlay":{"background_type":"color","background_pattern":"type-1","background_image":{"attachment_id":null,"x":0,"y":0},"gradient":"linear-gradient(135deg,rgba(6,147,227,1) 0%,rgb(155,81,224) 100%)","background_repeat":"repeat","background_size":"auto","background_attachment":"scroll","patternColor":{"default":{"color":"#e5e7ea"}},"overlayColor":{"default":{"color":"CT_CSS_SKIP_RULE"}},"backgroundColor":{"default":{"color":"CT_CSS_SKIP_RULE"}}},"pageTitleBackground":{"background_type":"color","background_pattern":"type-1","background_image":{"attachment_id":null,"x":0,"y":0},"gradient":"linear-gradient(135deg,rgba(6,147,227,1) 0%,rgb(155,81,224) 100%)","background_repeat":"repeat","background_size":"auto","background_attachment":"scroll","patternColor":{"default":{"color":"#e5e7ea"}},"overlayColor":{"default":{"color":"CT_CSS_SKIP_RULE"}},"backgroundColor":{"default":{"color":"var(--theme-palette-color-6)"}}},"pageTitlePadding":{"top":"50px","bottom":"50px","left":"auto","right":"auto","linked":true},"4a65ecdfab8a002d7a371af001a0a932":"","page_structure_type":"default","1d421f8915b07a1791185dd1ccf92dae":"","content_style_source":"inherit","content_style":"wide","vertical_spacing_source":"custom","content_area_spacing":"none","background":{"background_type":"color","background_pattern":"type-1","background_image":{"attachment_id":null,"x":0,"y":0},"gradient":"linear-gradient(135deg,rgba(6,147,227,1) 0%,rgb(155,81,224) 100%)","background_repeat":"repeat","background_size":"auto","background_attachment":"scroll","patternColor":{"default":{"color":"#e5e7ea"}},"overlayColor":{"default":{"color":"CT_CSS_SKIP_RULE"}},"backgroundColor":{"default":{"color":"CT_CSS_SKIP_RULE"}}},"content_background":{"background_type":"color","background_pattern":"type-1","background_image":{"attachment_id":null,"x":0,"y":0},"gradient":"linear-gradient(135deg,rgba(6,147,227,1) 0%,rgb(155,81,224) 100%)","background_repeat":"repeat","background_size":"auto","background_attachment":"scroll","patternColor":{"default":{"color":"#e5e7ea"}},"overlayColor":{"default":{"color":"CT_CSS_SKIP_RULE"}},"backgroundColor":{"default":{"color":"var(--theme-palette-color-8)"}}},"content_boxed_shadow":{"inherit":false,"blur":18,"spread":-6,"v_offset":12,"h_offset":0,"inset":false,"enable":true,"color":{"color":"rgba(34, 56, 101, 0.04)"}},"boxed_content_spacing":{"desktop":{"top":"40px","bottom":"40px","left":"40px","right":"40px","linked":true},"tablet":{"top":"35px","bottom":"35px","left":"35px","right":"35px","linked":true},"mobile":{"top":"20px","bottom":"20px","left":"20px","right":"20px","linked":true}},"content_boxed_radius":{"top":"3px","bottom":"3px","left":"3px","right":"3px","linked":true},"bff58046c813f5853af44ba3a835ce9b":"","disable_featured_image":"no","disable_share_box":"no","disable_header":"no","disable_footer":"no"},"_links":{"self":[{"href":"https:\/\/algoritmos.co\/es\/en\/wp-json\/wp\/v2\/pages\/571","targetHints":{"allow":["GET"]}}],"collection":[{"href":"https:\/\/algoritmos.co\/es\/en\/wp-json\/wp\/v2\/pages"}],"about":[{"href":"https:\/\/algoritmos.co\/es\/en\/wp-json\/wp\/v2\/types\/page"}],"author":[{"embeddable":true,"href":"https:\/\/algoritmos.co\/es\/en\/wp-json\/wp\/v2\/users\/1"}],"replies":[{"embeddable":true,"href":"https:\/\/algoritmos.co\/es\/en\/wp-json\/wp\/v2\/comments?post=571"}],"version-history":[{"count":8,"href":"https:\/\/algoritmos.co\/es\/en\/wp-json\/wp\/v2\/pages\/571\/revisions"}],"predecessor-version":[{"id":1121,"href":"https:\/\/algoritmos.co\/es\/en\/wp-json\/wp\/v2\/pages\/571\/revisions\/1121"}],"wp:attachment":[{"href":"https:\/\/algoritmos.co\/es\/en\/wp-json\/wp\/v2\/media?parent=571"}],"curies":[{"name":"wp","href":"https:\/\/api.w.org\/{rel}","templated":true}]}}