{"id":807,"date":"2023-01-03T23:50:54","date_gmt":"2023-01-03T23:50:54","guid":{"rendered":"https:\/\/algoritmos.co\/es\/?page_id=807"},"modified":"2023-01-23T17:03:50","modified_gmt":"2023-01-23T17:03:50","slug":"blog","status":"publish","type":"page","link":"https:\/\/algoritmos.co\/es\/blog\/","title":{"rendered":"Blog"},"content":{"rendered":"\n<div class=\"wp-block-stackable-heading stk-block-heading stk-block stk-02dc96b\" id=\"novedades-del-blog\" data-block-id=\"02dc96b\"><style>.stk-02dc96b{margin-bottom:8px !important}.stk-02dc96b .stk-block-heading__text{margin:0 !important}@media screen and (max-width:999px){.stk-02dc96b .stk-block-heading__text{font-size:30px !important}}@media screen and (max-width:689px){.stk-02dc96b .stk-block-heading__text{font-size:25px !important}}<\/style><h2 class=\"stk-block-heading__text has-text-align-center\">Novedades del blog<\/h2><\/div>\n\n\n\n<div class=\"wp-block-stackable-text stk-block-text stk-block stk-d6d22e0\" data-block-id=\"d6d22e0\"><style>.stk-d6d22e0{max-width:700px !important;min-width:auto !important;margin-right:auto !important;margin-bottom:60px !important;margin-left:auto !important}@media screen and (max-width:689px){.stk-d6d22e0{margin-bottom:24px !important}}<\/style><p class=\"stk-block-text__text has-text-align-center\">En este espacio encontrar\u00e1s informaci\u00f3n sobre nuestros productos y servicios, consejos y recomendaciones \u00fatiles, as\u00ed como noticias y novedades sobre nuestra empresa y el sector en el que operamos.<\/p><\/div>\n\n\n<div class=\"ct-posts-shortcode\" data-prefix=\"blog\"><div class=\"entries\" data-archive=\"default\" data-layout=\"grid\" data-cards=\"boxed\" data-hover=\"zoom-in\"><article class=\"entry-card card-content post-1443 post type-post status-publish format-standard has-post-thumbnail hentry category-actualidad\" ><a class=\"ct-media-container boundless-image has-hover-effect\" href=\"https:\/\/algoritmos.co\/es\/como-la-inteligencia-artificial-puede-ahorrar-dinero-a-las-empresas\/\" aria-label=\"\u00bfC\u00f3mo La Inteligencia Artificial Puede Ahorrar Dinero A Las Empresas?\"><img loading=\"lazy\" decoding=\"async\" width=\"768\" height=\"432\" src=\"https:\/\/algoritmos.co\/es\/wp-content\/uploads\/2023\/01\/IA-Economia-768x432.jpg\" class=\"attachment-medium_large size-medium_large wp-post-image\" alt=\"\" loading=\"lazy\" srcset=\"https:\/\/algoritmos.co\/es\/wp-content\/uploads\/2023\/01\/IA-Economia-768x432.jpg 768w, https:\/\/algoritmos.co\/es\/wp-content\/uploads\/2023\/01\/IA-Economia-300x169.jpg 300w, https:\/\/algoritmos.co\/es\/wp-content\/uploads\/2023\/01\/IA-Economia.jpg 960w\" sizes=\"auto, (max-width: 768px) 100vw, 768px\" itemprop=\"image\" style=\"aspect-ratio: 4\/3;\" \/><\/a><ul class=\"entry-meta\" data-type=\"simple:slash\" data-id=\"dkffUY\" ><li class=\"meta-categories\" data-type=\"pill\"><a href=\"https:\/\/algoritmos.co\/es\/category\/actualidad\/\" rel=\"tag\" class=\"ct-term-9\">Actualidad<\/a><\/li><\/ul><h2 class=\"entry-title\"><a href=\"https:\/\/algoritmos.co\/es\/como-la-inteligencia-artificial-puede-ahorrar-dinero-a-las-empresas\/\" rel=\"bookmark\">\u00bfC\u00f3mo La Inteligencia Artificial Puede Ahorrar Dinero A Las Empresas?<\/a><\/h2><div class=\"entry-excerpt\"><p>Existen tareas tan simples y cotidianas en las empresas que aun seguimos asignando a personal humano, provocando ineficiencia, agotamiento\u2026<\/p>\n<\/div><\/article><article class=\"entry-card card-content post-895 post type-post status-publish format-standard has-post-thumbnail hentry category-actualidad\" ><a class=\"ct-media-container boundless-image has-hover-effect\" href=\"https:\/\/algoritmos.co\/es\/cual-es-la-importancia-de-migrar-tu-negocio-al-mundo-digital\/\" aria-label=\"\u00bfCu\u00e1l es la importancia de migrar tu negocio al mundo digital?\"><img loading=\"lazy\" decoding=\"async\" width=\"768\" height=\"451\" src=\"https:\/\/algoritmos.co\/es\/wp-content\/uploads\/2023\/01\/mundoDigital-1-768x451.jpg\" class=\"attachment-medium_large size-medium_large wp-post-image\" alt=\"\" loading=\"lazy\" srcset=\"https:\/\/algoritmos.co\/es\/wp-content\/uploads\/2023\/01\/mundoDigital-1-768x451.jpg 768w, https:\/\/algoritmos.co\/es\/wp-content\/uploads\/2023\/01\/mundoDigital-1-300x176.jpg 300w, https:\/\/algoritmos.co\/es\/wp-content\/uploads\/2023\/01\/mundoDigital-1-1024x602.jpg 1024w, https:\/\/algoritmos.co\/es\/wp-content\/uploads\/2023\/01\/mundoDigital-1-1536x903.jpg 1536w, https:\/\/algoritmos.co\/es\/wp-content\/uploads\/2023\/01\/mundoDigital-1.jpg 1700w\" sizes=\"auto, (max-width: 768px) 100vw, 768px\" itemprop=\"image\" style=\"aspect-ratio: 4\/3;\" \/><\/a><ul class=\"entry-meta\" data-type=\"simple:slash\" data-id=\"dkffUY\" ><li class=\"meta-categories\" data-type=\"pill\"><a href=\"https:\/\/algoritmos.co\/es\/category\/actualidad\/\" rel=\"tag\" class=\"ct-term-9\">Actualidad<\/a><\/li><\/ul><h2 class=\"entry-title\"><a href=\"https:\/\/algoritmos.co\/es\/cual-es-la-importancia-de-migrar-tu-negocio-al-mundo-digital\/\" rel=\"bookmark\">\u00bfCu\u00e1l es la importancia de migrar tu negocio al mundo digital?<\/a><\/h2><div class=\"entry-excerpt\"><p>Si algo nos ha ense\u00f1ado esta pandemia es la importancia de que los negocios migren a la era digital,\u2026<\/p>\n<\/div><\/article><article class=\"entry-card card-content post-883 post type-post status-publish format-standard has-post-thumbnail hentry category-actualidad\" ><a class=\"ct-media-container boundless-image has-hover-effect\" href=\"https:\/\/algoritmos.co\/es\/la-automatizacion-industrial-y-sus-grandes-ventajas-en-el-mundo-actual\/\" aria-label=\"La automatizaci\u00f3n industrial y sus grandes ventajas en el mundo actual.\"><img loading=\"lazy\" decoding=\"async\" width=\"768\" height=\"465\" src=\"https:\/\/algoritmos.co\/es\/wp-content\/uploads\/2023\/01\/fisico-digital-768x465.jpg\" class=\"attachment-medium_large size-medium_large wp-post-image\" alt=\"\" loading=\"lazy\" srcset=\"https:\/\/algoritmos.co\/es\/wp-content\/uploads\/2023\/01\/fisico-digital-768x465.jpg 768w, https:\/\/algoritmos.co\/es\/wp-content\/uploads\/2023\/01\/fisico-digital-300x182.jpg 300w, https:\/\/algoritmos.co\/es\/wp-content\/uploads\/2023\/01\/fisico-digital.jpg 1024w\" sizes=\"auto, (max-width: 768px) 100vw, 768px\" itemprop=\"image\" style=\"aspect-ratio: 4\/3;\" \/><\/a><ul class=\"entry-meta\" data-type=\"simple:slash\" data-id=\"dkffUY\" ><li class=\"meta-categories\" data-type=\"pill\"><a href=\"https:\/\/algoritmos.co\/es\/category\/actualidad\/\" rel=\"tag\" class=\"ct-term-9\">Actualidad<\/a><\/li><\/ul><h2 class=\"entry-title\"><a href=\"https:\/\/algoritmos.co\/es\/la-automatizacion-industrial-y-sus-grandes-ventajas-en-el-mundo-actual\/\" rel=\"bookmark\">La automatizaci\u00f3n industrial y sus grandes ventajas en el mundo actual.<\/a><\/h2><div class=\"entry-excerpt\"><p>Debemos tener claro que la automatizaci\u00f3n de procesos industriales es de gran importancia en el contexto actual, pero antes\u2026<\/p>\n<\/div><\/article><article class=\"entry-card card-content post-880 post type-post status-publish format-standard has-post-thumbnail hentry category-actualidad\" ><a class=\"ct-media-container boundless-image has-hover-effect\" href=\"https:\/\/algoritmos.co\/es\/la-inteligencia-artificial-y-su-importancia-para-las-empresas\/\" aria-label=\"La inteligencia artificial y su importancia para las empresas.\"><img loading=\"lazy\" decoding=\"async\" width=\"768\" height=\"576\" src=\"https:\/\/algoritmos.co\/es\/wp-content\/uploads\/2023\/01\/AI2web-768x576.jpg\" class=\"attachment-medium_large size-medium_large wp-post-image\" alt=\"\" loading=\"lazy\" srcset=\"https:\/\/algoritmos.co\/es\/wp-content\/uploads\/2023\/01\/AI2web-768x576.jpg 768w, https:\/\/algoritmos.co\/es\/wp-content\/uploads\/2023\/01\/AI2web-300x225.jpg 300w, https:\/\/algoritmos.co\/es\/wp-content\/uploads\/2023\/01\/AI2web-1024x768.jpg 1024w, https:\/\/algoritmos.co\/es\/wp-content\/uploads\/2023\/01\/AI2web.jpg 1200w\" sizes=\"auto, (max-width: 768px) 100vw, 768px\" itemprop=\"image\" style=\"aspect-ratio: 4\/3;\" \/><\/a><ul class=\"entry-meta\" data-type=\"simple:slash\" data-id=\"dkffUY\" ><li class=\"meta-categories\" data-type=\"pill\"><a href=\"https:\/\/algoritmos.co\/es\/category\/actualidad\/\" rel=\"tag\" class=\"ct-term-9\">Actualidad<\/a><\/li><\/ul><h2 class=\"entry-title\"><a href=\"https:\/\/algoritmos.co\/es\/la-inteligencia-artificial-y-su-importancia-para-las-empresas\/\" rel=\"bookmark\">La inteligencia artificial y su importancia para las empresas.<\/a><\/h2><div class=\"entry-excerpt\"><p>No es un secreto que el mundo actual est\u00e1 cambiando a pasos agigantados, y que cada vez surgen nuevas\u2026<\/p>\n<\/div><\/article><\/div><\/div>\n\n\n\n<div class=\"wp-block-stackable-spacer stk-block-spacer stk--no-padding stk-block stk-8c37c56\" data-block-id=\"8c37c56\"><style>.stk-8c37c56{height:80px !important}<\/style><\/div>\n","protected":false},"excerpt":{"rendered":"<p>Novedades del blog En este espacio encontrar\u00e1s informaci\u00f3n sobre nuestros productos y servicios, consejos y recomendaciones \u00fatiles, as\u00ed como noticias y novedades sobre nuestra empresa y el sector en el que operamos.<\/p>\n","protected":false},"author":1,"featured_media":0,"parent":0,"menu_order":0,"comment_status":"closed","ping_status":"closed","template":"","meta":{"_eb_attr":"","footnotes":""},"class_list":["post-807","page","type-page","status-publish","hentry"],"blocksy_meta":{"styles_descriptor":{"styles":{"desktop":"","tablet":"","mobile":""},"google_fonts":[],"version":6},"page_title_panel":"","has_hero_section":"disabled","3bf0b54e4128671c24a4b6a72c48b396":"","hero_section":"type-1","hero_elements":[{"id":"custom_title","enabled":true,"heading_tag":"h1","title":"Inicio"},{"id":"custom_description","enabled":true,"description_visibility":{"desktop":true,"tablet":true,"mobile":false}},{"id":"custom_meta","enabled":false,"meta_elements":[{"id":"author","enabled":true,"label":"Por","has_author_avatar":"yes","avatar_size":25},{"id":"post_date","enabled":true,"label":"El","date_format_source":"default","date_format":"M j, Y"},{"id":"updated_date","enabled":false,"label":"El","date_format_source":"default","date_format":"M j, Y"},{"id":"categories","enabled":false,"label":"Dentro","style":"simple"},{"id":"comments","enabled":true}],"page_meta_elements":{"joined":true,"articles_count":true,"comments":true}},{"id":"breadcrumbs","enabled":false}],"7a9320966376b89206de1e43f7c56429":"","hero_alignment1":"CT_CSS_SKIP_RULE","hero_margin":40,"hero_alignment2":"center","hero_vertical_alignment":"center","787ef6a3bdc0c43fe8f66fa88649e6fa":"","hero_structure":"narrow","2c2120e03830d830f55692cc339ef04f":"","page_title_bg_type":"featured_image","custom_hero_background":{"attachment_id":null},"page_title_image_size":"full","parallax":{"desktop":false,"tablet":false,"mobile":false},"f7f9b493ba6d1f69c5328e392db15f49":"","hero_height":"250px","pageTitleFont":{"family":"Default","variation":"Default","size":"30px","line-height":"CT_CSS_SKIP_RULE","letter-spacing":"CT_CSS_SKIP_RULE","text-transform":"CT_CSS_SKIP_RULE","text-decoration":"CT_CSS_SKIP_RULE"},"pageTitleFontColor":{"default":{"color":"CT_CSS_SKIP_RULEDEFAULT"}},"pageMetaFont":{"family":"Default","variation":"n6","size":"12px","line-height":"1.3","letter-spacing":"CT_CSS_SKIP_RULE","text-transform":"uppercase","text-decoration":"CT_CSS_SKIP_RULE"},"pageMetaFontColor":{"default":{"color":"CT_CSS_SKIP_RULEDEFAULT"},"hover":{"color":"CT_CSS_SKIP_RULEDEFAULT"}},"page_meta_button_type_font_colors":{"default":{"color":"CT_CSS_SKIP_RULEDEFAULT"},"hover":{"color":"CT_CSS_SKIP_RULEDEFAULT"}},"page_meta_button_type_background_colors":{"default":{"color":"CT_CSS_SKIP_RULEDEFAULT"},"hover":{"color":"CT_CSS_SKIP_RULEDEFAULT"}},"pageExcerptFont":{"family":"Default","variation":"Default","size":"CT_CSS_SKIP_RULE","line-height":"CT_CSS_SKIP_RULE","letter-spacing":"CT_CSS_SKIP_RULE","text-transform":"CT_CSS_SKIP_RULE","text-decoration":"CT_CSS_SKIP_RULE"},"pageExcerptColor":{"default":{"color":"CT_CSS_SKIP_RULEDEFAULT"}},"breadcrumbsFont":{"family":"Default","variation":"Default","size":"CT_CSS_SKIP_RULE","line-height":"CT_CSS_SKIP_RULE","letter-spacing":"CT_CSS_SKIP_RULE","text-transform":"CT_CSS_SKIP_RULE","text-decoration":"CT_CSS_SKIP_RULE"},"breadcrumbsFontColor":{"default":{"color":"CT_CSS_SKIP_RULEDEFAULT"},"initial":{"color":"CT_CSS_SKIP_RULEDEFAULT"},"hover":{"color":"CT_CSS_SKIP_RULEDEFAULT"}},"pageTitleOverlay":{"background_type":"color","background_pattern":"type-1","background_image":{"attachment_id":null,"x":0,"y":0},"gradient":"linear-gradient(135deg,rgba(6,147,227,1) 0%,rgb(155,81,224) 100%)","background_repeat":"repeat","background_size":"auto","background_attachment":"scroll","patternColor":{"default":{"color":"#e5e7ea"}},"overlayColor":{"default":{"color":"CT_CSS_SKIP_RULE"}},"backgroundColor":{"default":{"color":"CT_CSS_SKIP_RULE"}}},"pageTitleBackground":{"background_type":"color","background_pattern":"type-1","background_image":{"attachment_id":null,"x":0,"y":0},"gradient":"linear-gradient(135deg,rgba(6,147,227,1) 0%,rgb(155,81,224) 100%)","background_repeat":"repeat","background_size":"auto","background_attachment":"scroll","patternColor":{"default":{"color":"#e5e7ea"}},"overlayColor":{"default":{"color":"CT_CSS_SKIP_RULE"}},"backgroundColor":{"default":{"color":"var(--theme-palette-color-6)"}}},"pageTitlePadding":{"top":"50px","bottom":"50px","left":"auto","right":"auto","linked":true},"7a42b860f1084cfd895a5ed8ac17ad4f":"","page_structure_type":"default","d7bebcf83981116826e18a0aba36aced":"","content_style_source":"inherit","content_style":"wide","vertical_spacing_source":"inherit","content_area_spacing":"both","background":{"background_type":"color","background_pattern":"type-1","background_image":{"attachment_id":null,"x":0,"y":0},"gradient":"linear-gradient(135deg,rgba(6,147,227,1) 0%,rgb(155,81,224) 100%)","background_repeat":"repeat","background_size":"auto","background_attachment":"scroll","patternColor":{"default":{"color":"#e5e7ea"}},"overlayColor":{"default":{"color":"CT_CSS_SKIP_RULE"}},"backgroundColor":{"default":{"color":"CT_CSS_SKIP_RULE"}}},"content_background":{"background_type":"color","background_pattern":"type-1","background_image":{"attachment_id":null,"x":0,"y":0},"gradient":"linear-gradient(135deg,rgba(6,147,227,1) 0%,rgb(155,81,224) 100%)","background_repeat":"repeat","background_size":"auto","background_attachment":"scroll","patternColor":{"default":{"color":"#e5e7ea"}},"overlayColor":{"default":{"color":"CT_CSS_SKIP_RULE"}},"backgroundColor":{"default":{"color":"var(--theme-palette-color-8)"}}},"content_boxed_shadow":{"inherit":false,"blur":18,"spread":-6,"v_offset":12,"h_offset":0,"inset":false,"enable":true,"color":{"color":"rgba(34, 56, 101, 0.04)"}},"content_boxed_border":{"width":1,"style":"none","color":{"color":"rgba(44,62,80,0.2)"}},"content_boxed_radius":{"top":"3px","bottom":"3px","left":"3px","right":"3px","linked":true},"boxed_content_spacing":{"desktop":{"top":"40px","bottom":"40px","left":"40px","right":"40px","linked":true},"tablet":{"top":"35px","bottom":"35px","left":"35px","right":"35px","linked":true},"mobile":{"top":"20px","bottom":"20px","left":"20px","right":"20px","linked":true}},"822c564863dcdf9336e04e083c8f5552":"","disable_featured_image":"no","disable_share_box":"no","disable_header":"no","disable_footer":"no"},"_links":{"self":[{"href":"https:\/\/algoritmos.co\/es\/wp-json\/wp\/v2\/pages\/807","targetHints":{"allow":["GET"]}}],"collection":[{"href":"https:\/\/algoritmos.co\/es\/wp-json\/wp\/v2\/pages"}],"about":[{"href":"https:\/\/algoritmos.co\/es\/wp-json\/wp\/v2\/types\/page"}],"author":[{"embeddable":true,"href":"https:\/\/algoritmos.co\/es\/wp-json\/wp\/v2\/users\/1"}],"replies":[{"embeddable":true,"href":"https:\/\/algoritmos.co\/es\/wp-json\/wp\/v2\/comments?post=807"}],"version-history":[{"count":10,"href":"https:\/\/algoritmos.co\/es\/wp-json\/wp\/v2\/pages\/807\/revisions"}],"predecessor-version":[{"id":1449,"href":"https:\/\/algoritmos.co\/es\/wp-json\/wp\/v2\/pages\/807\/revisions\/1449"}],"wp:attachment":[{"href":"https:\/\/algoritmos.co\/es\/wp-json\/wp\/v2\/media?parent=807"}],"curies":[{"name":"wp","href":"https:\/\/api.w.org\/{rel}","templated":true}]}}